{"id":243,"date":"2023-05-05T07:14:03","date_gmt":"2023-05-05T07:14:03","guid":{"rendered":"https:\/\/taxi-ebersberg.de\/?page_id=243"},"modified":"2023-05-05T07:15:05","modified_gmt":"2023-05-05T07:15:05","slug":"datenschutz","status":"publish","type":"page","link":"https:\/\/taxi-ebersberg.de\/?page_id=243","title":{"rendered":"Datenschutz"},"content":{"rendered":"\n<p>Wir nehmen den Schutz Ihrer personenbezogenen Daten sehr ernst und m\u00f6chten Ihnen in dieser Datenschutzerkl\u00e4rung erl\u00e4utern, welche Daten wir von Ihnen erheben und wie wir diese verwenden.<\/p>\n\n\n\n<ol class=\"wp-block-list\">\n<li>Verantwortlich f\u00fcr die Verarbeitung Ihrer Daten ist:<\/li>\n<\/ol>\n\n\n\n<p>Taxi Ebersberg Inhaber: B. Ertekin Bahnhofstra\u00dfe 15 85560 Ebersberg Telefon: 0176 20760 692 E-Mail: <a href=\"mailto:info@taxi-ebersberg.de\">info@taxi-ebersberg.de<\/a><\/p>\n\n\n\n<ol class=\"wp-block-list\" start=\"2\">\n<li>Welche personenbezogenen Daten werden von uns erhoben?<\/li>\n<\/ol>\n\n\n\n<p>Wir erheben personenbezogene Daten, die zur Abwicklung der von Ihnen angeforderten Dienstleistung erforderlich sind. Dies umfasst in der Regel Ihren Namen, Ihre Adresse, Ihre Telefonnummer und gegebenenfalls Ihre E-Mail-Adresse. Bei einer Online-Buchung erheben wir au\u00dferdem Ihre IP-Adresse und Ihre Browser-Informationen.<\/p>\n\n\n\n<ol class=\"wp-block-list\" start=\"3\">\n<li>Wie nutzen wir Ihre Daten?<\/li>\n<\/ol>\n\n\n\n<p>Wir verwenden Ihre Daten ausschlie\u00dflich zur Erbringung der von Ihnen angeforderten Dienstleistung. Dies umfasst die Abwicklung von Bestellungen, die Bearbeitung von Anfragen und die Durchf\u00fchrung von Zahlungen.<\/p>\n\n\n\n<ol class=\"wp-block-list\" start=\"4\">\n<li>Wie lange speichern wir Ihre Daten?<\/li>\n<\/ol>\n\n\n\n<p>Wir speichern Ihre Daten nur so lange, wie es f\u00fcr die Erbringung unserer Dienstleistungen erforderlich ist oder wie es gesetzlich vorgeschrieben ist.<\/p>\n\n\n\n<ol class=\"wp-block-list\" start=\"5\">\n<li>Werden Ihre Daten an Dritte weitergegeben?<\/li>\n<\/ol>\n\n\n\n<p>Wir geben Ihre Daten nur dann an Dritte weiter, wenn dies f\u00fcr die Erbringung unserer Dienstleistungen erforderlich ist (z.B. an eine Zahlungsabwicklung oder an eine Versicherungsgesellschaft im Falle eines Unfalls). In diesen F\u00e4llen achten wir darauf, dass Ihre Daten nur im erforderlichen Umfang und unter Einhaltung der geltenden Datenschutzbestimmungen weitergegeben werden.<\/p>\n\n\n\n<ol class=\"wp-block-list\" start=\"6\">\n<li>Wie sch\u00fctzen wir Ihre Daten?<\/li>\n<\/ol>\n\n\n\n<p>Wir treffen alle notwendigen technischen und organisatorischen Ma\u00dfnahmen, um Ihre Daten vor unbefugtem Zugriff, Verlust oder Missbrauch zu sch\u00fctzen.<\/p>\n\n\n\n<ol class=\"wp-block-list\" start=\"7\">\n<li>Ihre Rechte<\/li>\n<\/ol>\n\n\n\n<p>Sie haben das Recht, Auskunft \u00fcber die von uns zu Ihrer Person gespeicherten Daten zu erhalten. Sie k\u00f6nnen jederzeit die Berichtigung, L\u00f6schung oder Sperrung Ihrer personenbezogenen Daten verlangen. Dar\u00fcber hinaus haben Sie das Recht auf Daten\u00fcbertragbarkeit und k\u00f6nnen der Verarbeitung Ihrer Daten widersprechen.<\/p>\n\n\n\n<ol class=\"wp-block-list\" start=\"8\">\n<li>Kontakt<\/li>\n<\/ol>\n\n\n\n<p>Wenn Sie Fragen zur Verarbeitung Ihrer personenbezogenen Daten haben oder eines Ihrer Rechte aus\u00fcben m\u00f6chten, kontaktieren Sie uns bitte unter den im Impressum angegebenen Kontaktdaten.<\/p>\n\n\n\n<p>Stand: Mai 2023<\/p>\n\n\n\n<p>Taxi Ebersberg, Bahnhofstra\u00dfe 15, 85560 Ebersberg, Inhaber: B. Ertekin.<\/p>\n","protected":false},"excerpt":{"rendered":"<p>Wir nehmen den Schutz Ihrer personenbezogenen Daten sehr ernst und m\u00f6chten Ihnen in dieser Datenschutzerkl\u00e4rung erl\u00e4utern, welche Daten wir von Ihnen erheben und wie wir diese verwenden. Taxi Ebersberg Inhaber: B. Ertekin Bahnhofstra\u00dfe 15 85560 Ebersberg Telefon: 0176 20760 692 E-Mail: info@taxi-ebersberg.de Wir erheben personenbezogene Daten, die zur Abwicklung der von Ihnen angeforderten Dienstleistung erforderlich &hellip; <\/p>\n<p class=\"link-more\"><a href=\"https:\/\/taxi-ebersberg.de\/?page_id=243\" class=\"more-link\">Mehr <span class=\"screen-reader-text\">\u00fcber &#8222;Datenschutz&#8220; <\/span>Lesen<\/a><\/p>\n","protected":false},"author":2,"featured_media":0,"parent":0,"menu_order":0,"comment_status":"closed","ping_status":"closed","template":"","meta":{"inspiro_hide_title":false,"footnotes":""},"class_list":["post-243","page","type-page","status-publish","hentry"],"_links":{"self":[{"href":"https:\/\/taxi-ebersberg.de\/index.php?rest_route=\/wp\/v2\/pages\/243","targetHints":{"allow":["GET"]}}],"collection":[{"href":"https:\/\/taxi-ebersberg.de\/index.php?rest_route=\/wp\/v2\/pages"}],"about":[{"href":"https:\/\/taxi-ebersberg.de\/index.php?rest_route=\/wp\/v2\/types\/page"}],"author":[{"embeddable":true,"href":"https:\/\/taxi-ebersberg.de\/index.php?rest_route=\/wp\/v2\/users\/2"}],"replies":[{"embeddable":true,"href":"https:\/\/taxi-ebersberg.de\/index.php?rest_route=%2Fwp%2Fv2%2Fcomments&post=243"}],"version-history":[{"count":2,"href":"https:\/\/taxi-ebersberg.de\/index.php?rest_route=\/wp\/v2\/pages\/243\/revisions"}],"predecessor-version":[{"id":245,"href":"https:\/\/taxi-ebersberg.de\/index.php?rest_route=\/wp\/v2\/pages\/243\/revisions\/245"}],"wp:attachment":[{"href":"https:\/\/taxi-ebersberg.de\/index.php?rest_route=%2Fwp%2Fv2%2Fmedia&parent=243"}],"curies":[{"name":"wp","href":"https:\/\/api.w.org\/{rel}","templated":true}]}}