{"id":241,"date":"2023-05-05T07:13:52","date_gmt":"2023-05-05T07:13:52","guid":{"rendered":"https:\/\/taxi-ebersberg.de\/?page_id=241"},"modified":"2023-05-05T07:16:09","modified_gmt":"2023-05-05T07:16:09","slug":"agb","status":"publish","type":"page","link":"https:\/\/taxi-ebersberg.de\/?page_id=241","title":{"rendered":"AGB"},"content":{"rendered":"\n<p>\u00a7 1 Geltungsbereich und Vertragsabschluss Diese Allgemeinen Gesch\u00e4ftsbedingungen (AGB) gelten f\u00fcr alle Vertr\u00e4ge, die zwischen dem Kunden und Taxi Ebersberg, Inhaber B. Ertekin, Bahnhofstra\u00dfe 15, 85560 Ebersberg (nachfolgend \u201ewir\u201c oder \u201eTaxi Ebersberg\u201c genannt) geschlossen werden.<\/p>\n\n\n\n<p>\u00a7 2 Leistungen und Preise Wir bieten unseren Kunden verschiedene Dienstleistungen wie Flughafentransfer, Kurierdienste, Krankentransport und Stadtfahrten an. Die Preise f\u00fcr unsere Dienstleistungen richten sich nach der aktuellen Preisliste, die auf unserer Website oder auf Anfrage erh\u00e4ltlich ist. Die genauen Preise werden vor der Bef\u00f6rderung mit dem Kunden vereinbart.<\/p>\n\n\n\n<p>\u00a7 3 Zahlungsbedingungen Die Zahlung erfolgt in bar oder per EC-Karte oder Kreditkarte direkt beim Fahrer. Rechnungen werden auf Anfrage ausgestellt.<\/p>\n\n\n\n<p>\u00a7 4 Stornierung und Umbuchung Stornierungen und Umbuchungen sind bis zu 24 Stunden vor dem vereinbarten Termin kostenfrei m\u00f6glich. Danach behalten wir uns das Recht vor, Stornogeb\u00fchren in H\u00f6he von 50% des Fahrpreises zu erheben.<\/p>\n\n\n\n<p>\u00a7 5 Haftung und Versicherung Wir haften f\u00fcr Sch\u00e4den, die durch grobe Fahrl\u00e4ssigkeit oder Vorsatz verursacht werden. Eine Haftung f\u00fcr leicht fahrl\u00e4ssig verursachte Sch\u00e4den ist ausgeschlossen. Unsere Fahrzeuge sind entsprechend versichert.<\/p>\n\n\n\n<p>\u00a7 6 Datenschutz Wir behandeln alle personenbezogenen Daten unserer Kunden vertraulich und verwenden sie ausschlie\u00dflich f\u00fcr die Abwicklung der Fahrt. Eine Weitergabe an Dritte erfolgt nur, soweit dies f\u00fcr die Erbringung der Dienstleistung erforderlich ist.<\/p>\n\n\n\n<p>\u00a7 7 Schlussbestimmungen Es gilt das Recht der Bundesrepublik Deutschland. Sollte eine Bestimmung dieser AGB unwirksam sein oder werden, so ber\u00fchrt dies die G\u00fcltigkeit der \u00fcbrigen Bestimmungen nicht. Gerichtsstand ist Ebersberg.<\/p>\n\n\n\n<p>Stand: Mai 2023<\/p>\n\n\n\n<p>Taxi Ebersberg, Bahnhofstra\u00dfe 15, 85560 Ebersberg, Inhaber: B. Ertekin.<\/p>\n","protected":false},"excerpt":{"rendered":"<p>\u00a7 1 Geltungsbereich und Vertragsabschluss Diese Allgemeinen Gesch\u00e4ftsbedingungen (AGB) gelten f\u00fcr alle Vertr\u00e4ge, die zwischen dem Kunden und Taxi Ebersberg, Inhaber B. Ertekin, Bahnhofstra\u00dfe 15, 85560 Ebersberg (nachfolgend \u201ewir\u201c oder \u201eTaxi Ebersberg\u201c genannt) geschlossen werden. \u00a7 2 Leistungen und Preise Wir bieten unseren Kunden verschiedene Dienstleistungen wie Flughafentransfer, Kurierdienste, Krankentransport und Stadtfahrten an. Die Preise &hellip; <\/p>\n<p class=\"link-more\"><a href=\"https:\/\/taxi-ebersberg.de\/?page_id=241\" class=\"more-link\">Mehr <span class=\"screen-reader-text\">\u00fcber &#8222;AGB&#8220; <\/span>Lesen<\/a><\/p>\n","protected":false},"author":2,"featured_media":0,"parent":0,"menu_order":0,"comment_status":"closed","ping_status":"closed","template":"","meta":{"inspiro_hide_title":false,"footnotes":""},"class_list":["post-241","page","type-page","status-publish","hentry"],"_links":{"self":[{"href":"https:\/\/taxi-ebersberg.de\/index.php?rest_route=\/wp\/v2\/pages\/241","targetHints":{"allow":["GET"]}}],"collection":[{"href":"https:\/\/taxi-ebersberg.de\/index.php?rest_route=\/wp\/v2\/pages"}],"about":[{"href":"https:\/\/taxi-ebersberg.de\/index.php?rest_route=\/wp\/v2\/types\/page"}],"author":[{"embeddable":true,"href":"https:\/\/taxi-ebersberg.de\/index.php?rest_route=\/wp\/v2\/users\/2"}],"replies":[{"embeddable":true,"href":"https:\/\/taxi-ebersberg.de\/index.php?rest_route=%2Fwp%2Fv2%2Fcomments&post=241"}],"version-history":[{"count":2,"href":"https:\/\/taxi-ebersberg.de\/index.php?rest_route=\/wp\/v2\/pages\/241\/revisions"}],"predecessor-version":[{"id":246,"href":"https:\/\/taxi-ebersberg.de\/index.php?rest_route=\/wp\/v2\/pages\/241\/revisions\/246"}],"wp:attachment":[{"href":"https:\/\/taxi-ebersberg.de\/index.php?rest_route=%2Fwp%2Fv2%2Fmedia&parent=241"}],"curies":[{"name":"wp","href":"https:\/\/api.w.org\/{rel}","templated":true}]}}