{"id":205,"date":"2023-05-05T06:47:38","date_gmt":"2023-05-05T06:47:38","guid":{"rendered":"https:\/\/taxi-ebersberg.de\/?page_id=205"},"modified":"2023-05-05T19:42:25","modified_gmt":"2023-05-05T19:42:25","slug":"impressum","status":"publish","type":"page","link":"https:\/\/taxi-ebersberg.de\/?page_id=205","title":{"rendered":"Impressum"},"content":{"rendered":"<p>Impressum von Taxi Ebersberg<\/p>\n<p>Verantwortlich f\u00fcr den Inhalt: Taxi Ebersberg Inhaber: B. Ertekin Bahnhofstra\u00dfe 15, 85560 Ebersberg<\/p>\n<p>Kontakt: Telefon: 0176 20760 692<\/p>\n<p>E-Mail: <a href=\"mailto:info@taxi-ebersberg.de\" target=\"_new\" rel=\"noopener\">info@taxi-ebersberg.de<\/a><\/p>\n<p>Website: <a href=\"http:\/\/www.taxi-ebersberg.de\/\" target=\"_new\" rel=\"noopener\">www.taxi-ebersberg.de<\/a><\/p>\n<p>Umsatzsteuer ID: DE357454761<\/p>\n<p>Zust\u00e4ndige Aufsichtsbeh\u00f6rde: Gewerbeamt Ebersberg Landratsamt Ebersberg Eichthalstra\u00dfe 5, 85560 Ebersberg<\/p>\n<p>Haftungshinweis: Wir \u00fcbernehmen keine Haftung f\u00fcr die Inhalte externer Links. F\u00fcr den Inhalt der verlinkten Seiten sind ausschlie\u00dflich deren Betreiber verantwortlich.<\/p>\n<p>Urheberrecht: Alle Inhalte dieser Website unterliegen dem Urheberrecht und d\u00fcrfen ohne schriftliche Genehmigung nicht vervielf\u00e4ltigt oder anderweitig verwendet werden.<\/p>\n<p>Stand: Mai 2023<\/p>\n","protected":false},"excerpt":{"rendered":"<p>Impressum von Taxi Ebersberg Verantwortlich f\u00fcr den Inhalt: Taxi Ebersberg Inhaber: B. Ertekin Bahnhofstra\u00dfe 15, 85560 Ebersberg Kontakt: Telefon: 0176 20760 692 E-Mail: info@taxi-ebersberg.de Website: www.taxi-ebersberg.de Umsatzsteuer ID: DE357454761 Zust\u00e4ndige Aufsichtsbeh\u00f6rde: Gewerbeamt Ebersberg Landratsamt Ebersberg Eichthalstra\u00dfe 5, 85560 Ebersberg Haftungshinweis: Wir \u00fcbernehmen keine Haftung f\u00fcr die Inhalte externer Links. F\u00fcr den Inhalt der verlinkten Seiten &hellip; <\/p>\n<p class=\"link-more\"><a href=\"https:\/\/taxi-ebersberg.de\/?page_id=205\" class=\"more-link\">Mehr <span class=\"screen-reader-text\">\u00fcber &#8222;Impressum&#8220; <\/span>Lesen<\/a><\/p>\n","protected":false},"author":2,"featured_media":0,"parent":0,"menu_order":0,"comment_status":"closed","ping_status":"closed","template":"","meta":{"inspiro_hide_title":false,"footnotes":""},"class_list":["post-205","page","type-page","status-publish","hentry"],"_links":{"self":[{"href":"https:\/\/taxi-ebersberg.de\/index.php?rest_route=\/wp\/v2\/pages\/205","targetHints":{"allow":["GET"]}}],"collection":[{"href":"https:\/\/taxi-ebersberg.de\/index.php?rest_route=\/wp\/v2\/pages"}],"about":[{"href":"https:\/\/taxi-ebersberg.de\/index.php?rest_route=\/wp\/v2\/types\/page"}],"author":[{"embeddable":true,"href":"https:\/\/taxi-ebersberg.de\/index.php?rest_route=\/wp\/v2\/users\/2"}],"replies":[{"embeddable":true,"href":"https:\/\/taxi-ebersberg.de\/index.php?rest_route=%2Fwp%2Fv2%2Fcomments&post=205"}],"version-history":[{"count":27,"href":"https:\/\/taxi-ebersberg.de\/index.php?rest_route=\/wp\/v2\/pages\/205\/revisions"}],"predecessor-version":[{"id":282,"href":"https:\/\/taxi-ebersberg.de\/index.php?rest_route=\/wp\/v2\/pages\/205\/revisions\/282"}],"wp:attachment":[{"href":"https:\/\/taxi-ebersberg.de\/index.php?rest_route=%2Fwp%2Fv2%2Fmedia&parent=205"}],"curies":[{"name":"wp","href":"https:\/\/api.w.org\/{rel}","templated":true}]}}